{"id":1651,"date":"2024-06-03T08:44:38","date_gmt":"2024-06-03T08:44:38","guid":{"rendered":"http:\/\/adw-schaedlingsbekaempfung.de\/?page_id=1651"},"modified":"2024-07-13T07:55:14","modified_gmt":"2024-07-13T07:55:14","slug":"impressum","status":"publish","type":"page","link":"https:\/\/adw-schaedlingsbekaempfung.de\/?page_id=1651","title":{"rendered":"Impressum"},"content":{"rendered":"<div>\n<h1>Impressum<\/h1>\n<p>Andr\u00e8 Wulf<br \/>ADW Sch\u00e4dlingsbek\u00e4mpfung<br \/>M\u00f6hnestra\u00dfe 48<br \/>59929 Brilon<\/p>\n<h2>Kontakt<\/h2>\n<p>Telefon: 02961 \/ 7460974<br \/>E-Mail: info@adw-schaedlingsbekaempfung.de<\/p>\n<h2>Umsatzsteuer-ID<\/h2>\n<p>Umsatzsteuer-Identifikationsnummer gem\u00e4\u00df \u00a7 27 a Umsatzsteuergesetz:<br \/>DE368461084<\/p>\n<h2>Aufsichtsbeh\u00f6rde<\/h2>\n<p><strong>Zust\u00e4ndige Aufsichtsbeh\u00f6rde:<\/strong><\/p>\n<p>Bezirksregierung D\u00fcsseldorf, Ekrather Str. 339, 40408 D\u00fcsseldorf\u00a0<\/p>\n<\/p>\n<p><strong>Zust\u00e4ndige Aufsichtsbeh\u00f6rde f\u00fcr die T\u00e4tigkeit nach GefStoffV:<\/strong><\/p>\n<p>Bezirksregierung Arnsberg, Seibertzstra\u00dfe 1, 59821 Arnsberg\u00a0<\/p>\n<p><strong>Zust\u00e4ndige Aufsichtsbeh\u00f6rde f\u00fcr die T\u00e4tigkeit nach TierSchG:<\/strong><\/p>\n<p>Veterin\u00e4ramt,\u00a0Senator-Schwartz-Ring 21 &#8211; 23 ,\u00a059494 Soest<\/p>\n<p><a href=\"http:\/\/\" target=\"_blank\" rel=\"noopener noreferrer\"><\/a><\/p>\n<h2>Berufsbezeichnung und berufsrechtliche Regelungen<\/h2>\n<p>Berufsbezeichnung:<\/p>\n<p>Staatlich anerkannter Desinfektor &amp; gepr\u00fcfter Sch\u00e4dlingsbek\u00e4mpfer<\/p>\n<p>Verliehen in:<br \/>Deutschland<\/p>\n<h2>EU-Streitschlichtung<\/h2>\n<p>Die Europ\u00e4ische Kommission stellt eine Plattform zur Online-Streitbeilegung (OS) bereit: <a href=\"https:\/\/ec.europa.eu\/consumers\/odr\/\" target=\"_blank\" rel=\"noopener noreferrer\">https:\/\/ec.europa.eu\/consumers\/odr\/<\/a>.<br \/>Unsere E-Mail-Adresse finden Sie oben im Impressum.<\/p>\n<h2>Verbraucher\u00adstreit\u00adbeilegung\/Universal\u00adschlichtungs\u00adstelle<\/h2>\n<p>Wir sind nicht bereit oder verpflichtet, an Streitbeilegungsverfahren vor einer Verbraucherschlichtungsstelle teilzunehmen.<\/p>\n<\/div>\n<p><!--more--><br \/>\n<!-- {\"type\":\"layout\",\"children\":[{\"type\":\"section\",\"props\":{\"image_position\":\"center-center\",\"style\":\"default\",\"title_breakpoint\":\"xl\",\"title_position\":\"top-left\",\"title_rotation\":\"left\",\"vertical_align\":\"\",\"width\":\"default\"},\"children\":[{\"type\":\"row\",\"children\":[{\"type\":\"column\",\"props\":{\"image_position\":\"center-center\",\"position_sticky_breakpoint\":\"m\"},\"children\":[{\"type\":\"text\",\"props\":{\"column_breakpoint\":\"m\",\"content\":\"\n\n<h1>Impressum<\\\/h1>\\n\n\n<p>Andr\\u00e8 Wulf<br \\\/>ADW Sch\\u00e4dlingsbek\\u00e4mpfung<br \\\/>M\\u00f6hnestra\\u00dfe 48<br \\\/>59929 Brilon<\\\/p>\\n\n\n<h2>Kontakt<\\\/h2>\\n\n\n<p>Telefon: 02961 \\\/ 7460974<br \\\/>E-Mail: info@adw-schaedlingsbekaempfung.de<\\\/p>\\n\n\n<h2>Umsatzsteuer-ID<\\\/h2>\\n\n\n<p>Umsatzsteuer-Identifikationsnummer gem\\u00e4\\u00df \\u00a7 27 a Umsatzsteuergesetz:<br \\\/>DE368461084<\\\/p>\\n\n\n<h2>Aufsichtsbeh\\u00f6rde<\\\/h2>\\n\n\n<p><strong>Zust\\u00e4ndige Aufsichtsbeh\\u00f6rde:<\\\/strong><\\\/p>\\n\n\n<p>Bezirksregierung D\\u00fcsseldorf, Ekrather Str. 339, 40408 D\\u00fcsseldorf\\u00a0<\\\/p>\\n\n\n<p><\\\/p>\\n\n\n<p><strong>Zust\\u00e4ndige Aufsichtsbeh\\u00f6rde f\\u00fcr die T\\u00e4tigkeit nach GefStoffV:<\\\/strong><\\\/p>\\n\n\n<p>Bezirksregierung Arnsberg, Seibertzstra\\u00dfe 1, 59821 Arnsberg\\u00a0<\\\/p>\\n\n\n<p><strong>Zust\\u00e4ndige Aufsichtsbeh\\u00f6rde f\\u00fcr die T\\u00e4tigkeit nach TierSchG:<\\\/strong><\\\/p>\\n\n\n<p>Veterin\\u00e4ramt,\\u00a0Senator-Schwartz-Ring 21 - 23 ,\\u00a059494 Soest<\\\/p>\\n\n\n<p><a href=\\\"http:\\\/\\\/\\\" target=\\\"_blank\\\" rel=\\\"noopener noreferrer\\\"><\\\/a><\\\/p>\\n\n\n<h2>Berufsbezeichnung und berufsrechtliche Regelungen<\\\/h2>\\n\n\n<p>Berufsbezeichnung:<\\\/p>\\n\n\n<p>Staatlich anerkannter Desinfektor &amp; gepr\\u00fcfter Sch\\u00e4dlingsbek\\u00e4mpfer<\\\/p>\\n\n\n<p>Verliehen in:<br \\\/>Deutschland<\\\/p>\\n\n\n<h2>EU-Streitschlichtung<\\\/h2>\\n\n\n<p>Die Europ\\u00e4ische Kommission stellt eine Plattform zur Online-Streitbeilegung (OS) bereit: <a href=\\\"https:\\\/\\\/ec.europa.eu\\\/consumers\\\/odr\\\/\\\" target=\\\"_blank\\\" rel=\\\"noopener noreferrer\\\">https:\\\/\\\/ec.europa.eu\\\/consumers\\\/odr\\\/<\\\/a>.<br \\\/>Unsere E-Mail-Adresse finden Sie oben im Impressum.<\\\/p>\\n\n\n<h2>Verbraucher\\u00adstreit\\u00adbeilegung\\\/Universal\\u00adschlichtungs\\u00adstelle<\\\/h2>\\n\n\n<p>Wir sind nicht bereit oder verpflichtet, an Streitbeilegungsverfahren vor einer Verbraucherschlichtungsstelle teilzunehmen.<\\\/p>\",\"margin\":\"default\"}}]}]}]}],\"version\":\"4.4.5\"} --><\/p>\n","protected":false},"excerpt":{"rendered":"<p>Impressum Andr\u00e8 WulfADW Sch\u00e4dlingsbek\u00e4mpfungM\u00f6hnestra\u00dfe 4859929 Brilon Kontakt Telefon: 02961 \/ 7460974E-Mail: info@adw-schaedlingsbekaempfung.de Umsatzsteuer-ID Umsatzsteuer-Identifikationsnummer gem\u00e4\u00df \u00a7 27 a Umsatzsteuergesetz:DE368461084 Aufsichtsbeh\u00f6rde Zust\u00e4ndige Aufsichtsbeh\u00f6rde: Bezirksregierung D\u00fcsseldorf, Ekrather Str. 339, 40408 D\u00fcsseldorf\u00a0 Zust\u00e4ndige Aufsichtsbeh\u00f6rde f\u00fcr die T\u00e4tigkeit nach GefStoffV: Bezirksregierung Arnsberg, Seibertzstra\u00dfe 1, 59821 Arnsberg\u00a0 Zust\u00e4ndige Aufsichtsbeh\u00f6rde f\u00fcr die T\u00e4tigkeit nach TierSchG: Veterin\u00e4ramt,\u00a0Senator-Schwartz-Ring 21 &#8211; 23 ,\u00a059494 Soest [&hellip;]<\/p>\n","protected":false},"author":1,"featured_media":0,"parent":0,"menu_order":0,"comment_status":"closed","ping_status":"closed","template":"","meta":{"_acf_changed":false,"footnotes":""},"class_list":["post-1651","page","type-page","status-publish","hentry"],"acf":[],"yoast_head":"<!-- This site is optimized with the Yoast SEO plugin v27.3 - https:\/\/yoast.com\/product\/yoast-seo-wordpress\/ -->\n<title>Impressum - ADW - Sch\u00e4dlingsbek\u00e4mpfung<\/title>\n<meta name=\"description\" content=\"Impressum von ADW Sch\u00e4dlingsbek\u00e4mpfung in 59929 Brilon. Kontaktieren Sie ADW Sch\u00e4dlingsbek\u00e4mpfung in Brilon bei Sch\u00e4dlingsbefall\" \/>\n<meta name=\"robots\" content=\"index, follow, max-snippet:-1, max-image-preview:large, max-video-preview:-1\" \/>\n<link rel=\"canonical\" href=\"https:\/\/adw-schaedlingsbekaempfung.de\/?page_id=1651\" \/>\n<meta property=\"og:locale\" content=\"de_DE\" \/>\n<meta property=\"og:type\" content=\"article\" \/>\n<meta property=\"og:title\" content=\"Impressum - ADW - Sch\u00e4dlingsbek\u00e4mpfung\" \/>\n<meta property=\"og:description\" content=\"Impressum von ADW Sch\u00e4dlingsbek\u00e4mpfung in 59929 Brilon. Kontaktieren Sie ADW Sch\u00e4dlingsbek\u00e4mpfung in Brilon bei Sch\u00e4dlingsbefall\" \/>\n<meta property=\"og:url\" content=\"https:\/\/adw-schaedlingsbekaempfung.de\/?page_id=1651\" \/>\n<meta property=\"og:site_name\" content=\"ADW - Sch\u00e4dlingsbek\u00e4mpfung\" \/>\n<meta property=\"article:publisher\" content=\"https:\/\/www.facebook.com\/profile.php?id=61560177745155\" \/>\n<meta property=\"article:modified_time\" content=\"2024-07-13T07:55:14+00:00\" \/>\n<meta name=\"twitter:card\" content=\"summary_large_image\" \/>\n<meta name=\"twitter:label1\" content=\"Gesch\u00e4tzte Lesezeit\" \/>\n\t<meta name=\"twitter:data1\" content=\"1\u00a0Minute\" \/>\n<script type=\"application\/ld+json\" class=\"yoast-schema-graph\">{\"@context\":\"https:\\\/\\\/schema.org\",\"@graph\":[{\"@type\":\"WebPage\",\"@id\":\"https:\\\/\\\/adw-schaedlingsbekaempfung.de\\\/?page_id=1651\",\"url\":\"https:\\\/\\\/adw-schaedlingsbekaempfung.de\\\/?page_id=1651\",\"name\":\"Impressum - ADW - Sch\u00e4dlingsbek\u00e4mpfung\",\"isPartOf\":{\"@id\":\"https:\\\/\\\/adw-schaedlingsbekaempfung.de\\\/#website\"},\"datePublished\":\"2024-06-03T08:44:38+00:00\",\"dateModified\":\"2024-07-13T07:55:14+00:00\",\"description\":\"Impressum von ADW Sch\u00e4dlingsbek\u00e4mpfung in 59929 Brilon. Kontaktieren Sie ADW Sch\u00e4dlingsbek\u00e4mpfung in Brilon bei Sch\u00e4dlingsbefall\",\"breadcrumb\":{\"@id\":\"https:\\\/\\\/adw-schaedlingsbekaempfung.de\\\/?page_id=1651#breadcrumb\"},\"inLanguage\":\"de\",\"potentialAction\":[{\"@type\":\"ReadAction\",\"target\":[\"https:\\\/\\\/adw-schaedlingsbekaempfung.de\\\/?page_id=1651\"]}]},{\"@type\":\"BreadcrumbList\",\"@id\":\"https:\\\/\\\/adw-schaedlingsbekaempfung.de\\\/?page_id=1651#breadcrumb\",\"itemListElement\":[{\"@type\":\"ListItem\",\"position\":1,\"name\":\"Startseite\",\"item\":\"https:\\\/\\\/adw-schaedlingsbekaempfung.de\\\/\"},{\"@type\":\"ListItem\",\"position\":2,\"name\":\"Impressum\"}]},{\"@type\":\"WebSite\",\"@id\":\"https:\\\/\\\/adw-schaedlingsbekaempfung.de\\\/#website\",\"url\":\"https:\\\/\\\/adw-schaedlingsbekaempfung.de\\\/\",\"name\":\"ADW - Sch\u00e4dlingsbek\u00e4mpfung\",\"description\":\"Wir hinterlassen keine Spuren\",\"publisher\":{\"@id\":\"https:\\\/\\\/adw-schaedlingsbekaempfung.de\\\/#organization\"},\"potentialAction\":[{\"@type\":\"SearchAction\",\"target\":{\"@type\":\"EntryPoint\",\"urlTemplate\":\"https:\\\/\\\/adw-schaedlingsbekaempfung.de\\\/?s={search_term_string}\"},\"query-input\":{\"@type\":\"PropertyValueSpecification\",\"valueRequired\":true,\"valueName\":\"search_term_string\"}}],\"inLanguage\":\"de\"},{\"@type\":\"Organization\",\"@id\":\"https:\\\/\\\/adw-schaedlingsbekaempfung.de\\\/#organization\",\"name\":\"ADW - Sch\u00e4dlingsbek\u00e4mpfung\",\"url\":\"https:\\\/\\\/adw-schaedlingsbekaempfung.de\\\/\",\"logo\":{\"@type\":\"ImageObject\",\"inLanguage\":\"de\",\"@id\":\"https:\\\/\\\/adw-schaedlingsbekaempfung.de\\\/#\\\/schema\\\/logo\\\/image\\\/\",\"url\":\"https:\\\/\\\/adw-schaedlingsbekaempfung.de\\\/wp-content\\\/uploads\\\/2024\\\/05\\\/Final-No-2.png\",\"contentUrl\":\"https:\\\/\\\/adw-schaedlingsbekaempfung.de\\\/wp-content\\\/uploads\\\/2024\\\/05\\\/Final-No-2.png\",\"width\":1479,\"height\":463,\"caption\":\"ADW - Sch\u00e4dlingsbek\u00e4mpfung\"},\"image\":{\"@id\":\"https:\\\/\\\/adw-schaedlingsbekaempfung.de\\\/#\\\/schema\\\/logo\\\/image\\\/\"},\"sameAs\":[\"https:\\\/\\\/www.facebook.com\\\/profile.php?id=61560177745155\"]}]}<\/script>\n<!-- \/ Yoast SEO plugin. -->","yoast_head_json":{"title":"Impressum - ADW - Sch\u00e4dlingsbek\u00e4mpfung","description":"Impressum von ADW Sch\u00e4dlingsbek\u00e4mpfung in 59929 Brilon. Kontaktieren Sie ADW Sch\u00e4dlingsbek\u00e4mpfung in Brilon bei Sch\u00e4dlingsbefall","robots":{"index":"index","follow":"follow","max-snippet":"max-snippet:-1","max-image-preview":"max-image-preview:large","max-video-preview":"max-video-preview:-1"},"canonical":"https:\/\/adw-schaedlingsbekaempfung.de\/?page_id=1651","og_locale":"de_DE","og_type":"article","og_title":"Impressum - ADW - Sch\u00e4dlingsbek\u00e4mpfung","og_description":"Impressum von ADW Sch\u00e4dlingsbek\u00e4mpfung in 59929 Brilon. Kontaktieren Sie ADW Sch\u00e4dlingsbek\u00e4mpfung in Brilon bei Sch\u00e4dlingsbefall","og_url":"https:\/\/adw-schaedlingsbekaempfung.de\/?page_id=1651","og_site_name":"ADW - Sch\u00e4dlingsbek\u00e4mpfung","article_publisher":"https:\/\/www.facebook.com\/profile.php?id=61560177745155","article_modified_time":"2024-07-13T07:55:14+00:00","twitter_card":"summary_large_image","twitter_misc":{"Gesch\u00e4tzte Lesezeit":"1\u00a0Minute"},"schema":{"@context":"https:\/\/schema.org","@graph":[{"@type":"WebPage","@id":"https:\/\/adw-schaedlingsbekaempfung.de\/?page_id=1651","url":"https:\/\/adw-schaedlingsbekaempfung.de\/?page_id=1651","name":"Impressum - ADW - Sch\u00e4dlingsbek\u00e4mpfung","isPartOf":{"@id":"https:\/\/adw-schaedlingsbekaempfung.de\/#website"},"datePublished":"2024-06-03T08:44:38+00:00","dateModified":"2024-07-13T07:55:14+00:00","description":"Impressum von ADW Sch\u00e4dlingsbek\u00e4mpfung in 59929 Brilon. Kontaktieren Sie ADW Sch\u00e4dlingsbek\u00e4mpfung in Brilon bei Sch\u00e4dlingsbefall","breadcrumb":{"@id":"https:\/\/adw-schaedlingsbekaempfung.de\/?page_id=1651#breadcrumb"},"inLanguage":"de","potentialAction":[{"@type":"ReadAction","target":["https:\/\/adw-schaedlingsbekaempfung.de\/?page_id=1651"]}]},{"@type":"BreadcrumbList","@id":"https:\/\/adw-schaedlingsbekaempfung.de\/?page_id=1651#breadcrumb","itemListElement":[{"@type":"ListItem","position":1,"name":"Startseite","item":"https:\/\/adw-schaedlingsbekaempfung.de\/"},{"@type":"ListItem","position":2,"name":"Impressum"}]},{"@type":"WebSite","@id":"https:\/\/adw-schaedlingsbekaempfung.de\/#website","url":"https:\/\/adw-schaedlingsbekaempfung.de\/","name":"ADW - Sch\u00e4dlingsbek\u00e4mpfung","description":"Wir hinterlassen keine Spuren","publisher":{"@id":"https:\/\/adw-schaedlingsbekaempfung.de\/#organization"},"potentialAction":[{"@type":"SearchAction","target":{"@type":"EntryPoint","urlTemplate":"https:\/\/adw-schaedlingsbekaempfung.de\/?s={search_term_string}"},"query-input":{"@type":"PropertyValueSpecification","valueRequired":true,"valueName":"search_term_string"}}],"inLanguage":"de"},{"@type":"Organization","@id":"https:\/\/adw-schaedlingsbekaempfung.de\/#organization","name":"ADW - Sch\u00e4dlingsbek\u00e4mpfung","url":"https:\/\/adw-schaedlingsbekaempfung.de\/","logo":{"@type":"ImageObject","inLanguage":"de","@id":"https:\/\/adw-schaedlingsbekaempfung.de\/#\/schema\/logo\/image\/","url":"https:\/\/adw-schaedlingsbekaempfung.de\/wp-content\/uploads\/2024\/05\/Final-No-2.png","contentUrl":"https:\/\/adw-schaedlingsbekaempfung.de\/wp-content\/uploads\/2024\/05\/Final-No-2.png","width":1479,"height":463,"caption":"ADW - Sch\u00e4dlingsbek\u00e4mpfung"},"image":{"@id":"https:\/\/adw-schaedlingsbekaempfung.de\/#\/schema\/logo\/image\/"},"sameAs":["https:\/\/www.facebook.com\/profile.php?id=61560177745155"]}]}},"_links":{"self":[{"href":"https:\/\/adw-schaedlingsbekaempfung.de\/index.php?rest_route=\/wp\/v2\/pages\/1651","targetHints":{"allow":["GET"]}}],"collection":[{"href":"https:\/\/adw-schaedlingsbekaempfung.de\/index.php?rest_route=\/wp\/v2\/pages"}],"about":[{"href":"https:\/\/adw-schaedlingsbekaempfung.de\/index.php?rest_route=\/wp\/v2\/types\/page"}],"author":[{"embeddable":true,"href":"https:\/\/adw-schaedlingsbekaempfung.de\/index.php?rest_route=\/wp\/v2\/users\/1"}],"replies":[{"embeddable":true,"href":"https:\/\/adw-schaedlingsbekaempfung.de\/index.php?rest_route=%2Fwp%2Fv2%2Fcomments&post=1651"}],"version-history":[{"count":1,"href":"https:\/\/adw-schaedlingsbekaempfung.de\/index.php?rest_route=\/wp\/v2\/pages\/1651\/revisions"}],"predecessor-version":[{"id":2032,"href":"https:\/\/adw-schaedlingsbekaempfung.de\/index.php?rest_route=\/wp\/v2\/pages\/1651\/revisions\/2032"}],"wp:attachment":[{"href":"https:\/\/adw-schaedlingsbekaempfung.de\/index.php?rest_route=%2Fwp%2Fv2%2Fmedia&parent=1651"}],"curies":[{"name":"wp","href":"https:\/\/api.w.org\/{rel}","templated":true}]}}