{"id":1271,"date":"2024-05-08T12:30:37","date_gmt":"2024-05-08T12:30:37","guid":{"rendered":"http:\/\/adw-schaedlingsbekaempfung.de\/?page_id=1271"},"modified":"2024-06-13T08:27:20","modified_gmt":"2024-06-13T08:27:20","slug":"tatortreinigung","status":"publish","type":"page","link":"https:\/\/adw-schaedlingsbekaempfung.de\/?page_id=1271","title":{"rendered":"Tatortreinigung"},"content":{"rendered":"<h1>Professionelle Tatortreinigung \u2013 Diskret und Gr\u00fcndlich<\/h1>\n<h2>Tatortreinigung<\/h2>\n<div>Wir bieten diskret spezialisierte Reinigungs- und Desinfektionsdienste f\u00fcr Tatorte, Unfallstellen und F\u00e4lle von nat\u00fcrlichem Tod an. Unsere Expertise umfasst die sorgf\u00e4ltige Beseitigung von Blutspuren, Geweberesten, K\u00f6rperfl\u00fcssigkeiten und anderen biologischen Gefahrstoffen, besonders wenn au\u00dfergew\u00f6hnliche Umst\u00e4nde wie l\u00e4ngere Liegezeiten der Verstorbenen spezielle Ma\u00dfnahmen erfordern.<\/div>\n<p><img decoding=\"async\" src=\"\/wp-content\/uploads\/2024\/05\/tatortreinigung.png\" alt=\"Tatortreinigung Brilon Sauerland - Icon\"><\/p>\n<h3>Zuverl\u00e4ssige Reinigung, respektvolle Beratung<\/h3>\n<h2>Experten f\u00fcr sensible Reinigungsf\u00e4lle<\/h2>\n<div>Als Ihr strategischer Partner arbeiten wir eng mit Strafverfolgungsbeh\u00f6rden, Feuerwehren, Versicherungsunternehmen und anderen beteiligten Parteien zusammen, um Reinigungs- und Wiederherstellungsarbeiten nach traumatischen Ereignissen professionell zu koordinieren. <\/p>\n<p>Wir verstehen die Sensibilit\u00e4t solcher Situationen und setzen uns intensiv mit jeder Beratung auseinander, um die erforderlichen Ma\u00dfnahmen pr\u00e4zise zu definieren und die Privatsph\u00e4re sowie Sicherheit aller Beteiligten zu wahren. Unser Ziel ist es, durch umsichtige Planung und Durchf\u00fchrung der Reinigungsarbeiten einen Raum der Sicherheit und Normalit\u00e4t wiederherzustellen.<\/p><\/div>\n<p><img decoding=\"async\" src=\"\/wp-content\/uploads\/2024\/05\/Gruppe-maskieren-5.png\" alt=\"Tatortreinigung Icon Trenner\"><\/p>\n<h3>Unsere Leistungen<\/h3>\n<ul>\n<li>\n<h4>Entsorgung von <br class=\"uk-hidden@s\">Biohazard-Materialien: <\/h4>\n<div>Wir entsorgen Sicher und ordnungsgem\u00e4\u00dfe kontaminierten Materialien gem\u00e4\u00df den geltenden Gesetzen und Vorschriften.<br \/>\nHierzu verwenden wir spezieller Beh\u00e4lter f\u00fcr den Transport und die Entsorgung von Biohazard-Materialien.<\/div>\n<\/li>\n<li>\n<h4>Geruchsbeseitigung &#038;<br class=\"uk-hidden@s\"> Luftreinigung:<\/h4>\n<div>Wir beseitigen Ger\u00fcche durch den Einsatz von professionellen Reinigungs- und Desodorierungsverfahren. Luftreinigung durch den Einsatz von Luftfiltern und Ozongeneratoren um die Luftqualit\u00e4t wiederherzustellen.<\/div>\n<\/li>\n<li>\n<h4>Dekontamination von <br class=\"uk-hidden@s\">Kontaminationsstellen:<\/h4>\n<div>Dekontamination von Oberfl\u00e4chen, B\u00f6den und anderen betroffenen Bereichen, um die Ausbreitung von Krankheitserregern zu verhindern. Hierzu verwenden wir speziellen Desinfektionsmitteln und -verfahren, um eine gr\u00fcndliche Reinigung und Desinfektion sicherzustellen.<\/p>\n<\/div>\n<\/li>\n<\/ul>\n<h2>Kontaktieren Sie uns f\u00fcr <br \/>professionelle Notfallreinigungen<\/h2>\n<p>\n    <a href=\"\/index.php?page_id=1234\">Kontakt aufnehmen<\/a>\n<\/p>\n<p><!--more--><br \/>\n<!-- {\"type\":\"layout\",\"children\":[{\"name\":\"Hero\",\"type\":\"section\",\"props\":{\"animation\":\"slide-left-medium\",\"animation_delay\":false,\"height_offset_top\":true,\"height_viewport\":100,\"image\":\"wp-content\\\/uploads\\\/2024\\\/05\\\/tatortreinigung.jpg\",\"image_position\":\"bottom-center\",\"image_size\":\"cover\",\"media_overlay\":\"rgba(0, 0, 0, 0.38)\",\"padding\":\"large\",\"style\":\"default\",\"text_color\":\"light\",\"title_breakpoint\":\"xl\",\"title_position\":\"top-left\",\"title_rotation\":\"left\",\"vertical_align\":\"middle\",\"width\":\"large\"},\"children\":[{\"type\":\"row\",\"props\":{\"column_gap\":\"large\",\"layout\":\"2-3,1-3\",\"row_gap\":\"large\",\"vertical_align\":true},\"children\":[{\"type\":\"column\",\"props\":{\"image_position\":\"center-center\",\"order_first\":\"m\",\"position_sticky_breakpoint\":\"m\",\"vertical_align\":\"middle\",\"width_medium\":\"2-3\"},\"children\":[{\"type\":\"headline\",\"props\":{\"content\":\"Professionelle Tatortreinigung \\u2013 Diskret und Gr\\u00fcndlich\",\"margin\":\"small\",\"margin_remove_bottom\":true,\"title_element\":\"h1\",\"title_style\":\"text-meta\"}},{\"type\":\"headline\",\"props\":{\"block_align\":\"center\",\"content\":\"Tatortreinigung\",\"margin_remove_top\":true,\"text_align\":\"left\",\"text_align_breakpoint\":\"m\",\"text_align_fallback\":\"left\",\"title_element\":\"h2\",\"title_style\":\"h1\"}},{\"type\":\"text\",\"props\":{\"block_align_breakpoint\":\"m\",\"block_align_fallback\":\"center\",\"column_breakpoint\":\"m\",\"content\":\"Wir bieten diskret spezialisierte Reinigungs- und Desinfektionsdienste f\\u00fcr Tatorte, Unfallstellen und F\\u00e4lle von nat\\u00fcrlichem Tod an. Unsere Expertise umfasst die sorgf\\u00e4ltige Beseitigung von Blutspuren, Geweberesten, K\\u00f6rperfl\\u00fcssigkeiten und anderen biologischen Gefahrstoffen, besonders wenn au\\u00dfergew\\u00f6hnliche Umst\\u00e4nde wie l\\u00e4ngere Liegezeiten der Verstorbenen spezielle Ma\\u00dfnahmen erfordern.\",\"margin\":\"default\",\"text_align\":\"left\",\"text_align_breakpoint\":\"m\",\"text_align_fallback\":\"left\"}}]},{\"type\":\"column\",\"props\":{\"image_position\":\"center-center\",\"order_first\":\"xs\",\"position_sticky_breakpoint\":\"m\",\"vertical_align\":\"middle\",\"width_medium\":\"1-3\"},\"children\":[{\"type\":\"image\",\"props\":{\"css\":\"@media only screen and (max-width: 780px) {\\n  .el-image{\\n    width: 100px;\\n  }\\n}\",\"image\":\"wp-content\\\/uploads\\\/2024\\\/05\\\/tatortreinigung.png\",\"image_alt\":\"Tatortreinigung Brilon Sauerland - Icon\",\"image_svg_color\":\"emphasis\",\"margin\":\"default\",\"text_align\":\"center\",\"text_align_breakpoint\":\"m\",\"text_align_fallback\":\"left\"}}]}]}]},{\"type\":\"section\",\"props\":{\"image_effect\":\"fixed\",\"image_position\":\"center-center\",\"image_size\":\"cover\",\"media_overlay\":\"rgba(255, 255, 255, 0.94)\",\"style\":\"default\",\"title_breakpoint\":\"xl\",\"title_position\":\"top-left\",\"title_rotation\":\"left\",\"vertical_align\":\"middle\",\"width\":\"large\"},\"children\":[{\"type\":\"row\",\"children\":[{\"type\":\"column\",\"props\":{\"image_position\":\"center-center\",\"position_sticky_breakpoint\":\"m\"},\"children\":[{\"type\":\"headline\",\"props\":{\"content\":\"Zuverl\\u00e4ssige Reinigung, respektvolle Beratung\",\"margin\":\"small\",\"margin_remove_bottom\":true,\"title_element\":\"h3\",\"title_style\":\"text-meta\"}},{\"type\":\"headline\",\"props\":{\"content\":\"Experten f\\u00fcr sensible Reinigungsf\\u00e4lle\",\"margin_remove_top\":true,\"title_element\":\"h2\",\"title_style\":\"h2\"}},{\"type\":\"text\",\"props\":{\"column\":\"1-2\",\"column_breakpoint\":\"m\",\"content\":\"Als Ihr strategischer Partner arbeiten wir eng mit Strafverfolgungsbeh\\u00f6rden, Feuerwehren, Versicherungsunternehmen und anderen beteiligten Parteien zusammen, um Reinigungs- und Wiederherstellungsarbeiten nach traumatischen Ereignissen professionell zu koordinieren. \n\nWir verstehen die Sensibilit\\u00e4t solcher Situationen und setzen uns intensiv mit jeder Beratung auseinander, um die erforderlichen Ma\\u00dfnahmen pr\\u00e4zise zu definieren und die Privatsph\\u00e4re sowie Sicherheit aller Beteiligten zu wahren. Unser Ziel ist es, durch umsichtige Planung und Durchf\\u00fchrung der Reinigungsarbeiten einen Raum der Sicherheit und Normalit\\u00e4t wiederherzustellen.\",\"margin\":\"default\"}}]}]}]},{\"type\":\"section\",\"props\":{\"image_position\":\"center-center\",\"style\":\"muted\",\"title_breakpoint\":\"xl\",\"title_position\":\"top-left\",\"title_rotation\":\"left\",\"vertical_align\":\"middle\",\"width\":\"large\"},\"children\":[{\"type\":\"row\",\"children\":[{\"type\":\"column\",\"props\":{\"image_position\":\"center-center\",\"position_sticky_breakpoint\":\"m\"},\"children\":[{\"type\":\"image\",\"props\":{\"image\":\"wp-content\\\/uploads\\\/2024\\\/05\\\/Gruppe-maskieren-5.png\",\"image_alt\":\"Tatortreinigung Icon Trenner\",\"image_svg_color\":\"emphasis\",\"margin\":\"default\",\"position\":\"absolute\",\"position_top\":\"-90\"}}]}]},{\"type\":\"row\",\"props\":{\"layout\":\"3-5,2-5\"},\"children\":[{\"type\":\"column\",\"props\":{\"image_position\":\"center-center\",\"position_sticky_breakpoint\":\"m\",\"width_medium\":\"3-5\"},\"children\":[{\"type\":\"headline\",\"props\":{\"content\":\"Unsere Leistungen\",\"margin_remove_top\":true,\"title_element\":\"h3\",\"title_style\":\"h3\"}}]},{\"type\":\"column\",\"props\":{\"image_position\":\"center-center\",\"position_sticky_breakpoint\":\"m\",\"width_medium\":\"2-5\"}}]},{\"type\":\"row\",\"children\":[{\"type\":\"column\",\"props\":{\"image_position\":\"center-center\",\"position_sticky_breakpoint\":\"m\"},\"children\":[{\"type\":\"grid\",\"props\":{\"content_column_breakpoint\":\"m\",\"css\":\".el-item{\\n    \\n     box-shadow: 0 3px 6px rgba(0,0,0,0.16), 0 3px 6px rgba(0,0,0,0.23); \\n    \\n    \\n}\",\"filter_align\":\"left\",\"filter_all\":true,\"filter_grid_breakpoint\":\"m\",\"filter_grid_width\":\"auto\",\"filter_position\":\"top\",\"filter_style\":\"tab\",\"grid_column_gap\":\"medium\",\"grid_default\":\"1\",\"grid_large\":\"3\",\"grid_medium\":\"3\",\"grid_row_gap\":\"medium\",\"icon_width\":80,\"image_align\":\"top\",\"image_grid_breakpoint\":\"m\",\"image_grid_width\":\"1-2\",\"image_svg_color\":\"emphasis\",\"item_animation\":true,\"link_style\":\"default\",\"link_text\":\"Read more\",\"margin\":\"default\",\"meta_align\":\"below-title\",\"meta_element\":\"div\",\"meta_style\":\"text-meta\",\"panel_padding\":\"small\",\"panel_style\":\"tile-muted\",\"show_content\":true,\"show_image\":true,\"show_link\":true,\"show_meta\":true,\"show_title\":true,\"title_align\":\"top\",\"title_element\":\"h4\",\"title_grid_breakpoint\":\"m\",\"title_grid_width\":\"1-2\",\"title_hover_style\":\"reset\",\"title_style\":\"h4\"},\"children\":[{\"type\":\"grid_item\",\"props\":{\"content\":\"Wir entsorgen Sicher und ordnungsgem\\u00e4\\u00dfe kontaminierten Materialien gem\\u00e4\\u00df den geltenden Gesetzen und Vorschriften.\\nHierzu verwenden wir spezieller Beh\\u00e4lter f\\u00fcr den Transport und die Entsorgung von Biohazard-Materialien.\",\"title\":\"Entsorgung von <br class=\\\"uk-hidden@s\\\">Biohazard-Materialien: \"}},{\"type\":\"grid_item\",\"props\":{\"content\":\"Wir beseitigen Ger\\u00fcche durch den Einsatz von professionellen Reinigungs- und Desodorierungsverfahren. Luftreinigung durch den Einsatz von Luftfiltern und Ozongeneratoren um die Luftqualit\\u00e4t wiederherzustellen.\",\"title\":\"Geruchsbeseitigung &<br class=\\\"uk-hidden@s\\\"> Luftreinigung:\"}},{\"type\":\"grid_item\",\"props\":{\"content\":\"Dekontamination von Oberfl\\u00e4chen, B\\u00f6den und anderen betroffenen Bereichen, um die Ausbreitung von Krankheitserregern zu verhindern. Hierzu verwenden wir speziellen Desinfektionsmitteln und -verfahren, um eine gr\\u00fcndliche Reinigung und Desinfektion sicherzustellen.\\n\\n\\n\",\"title\":\"Dekontamination von <br class=\\\"uk-hidden@s\\\">Kontaminationsstellen:\"}}]}]}]}]},{\"type\":\"section\",\"props\":{\"image_position\":\"center-center\",\"style\":\"default\",\"title_breakpoint\":\"xl\",\"title_position\":\"top-left\",\"title_rotation\":\"left\",\"vertical_align\":\"middle\",\"width\":\"large\"},\"children\":[{\"type\":\"row\",\"props\":{\"layout\":\"2-3,1-3\"},\"children\":[{\"type\":\"column\",\"props\":{\"image_position\":\"center-center\",\"position_sticky_breakpoint\":\"m\",\"width_medium\":\"2-3\"},\"children\":[{\"type\":\"headline\",\"props\":{\"content\":\"Kontaktieren Sie uns f\\u00fcr <br \/>professionelle Notfallreinigungen\",\"title_element\":\"h2\"}}]},{\"type\":\"column\",\"props\":{\"image_position\":\"center-center\",\"position_sticky_breakpoint\":\"m\",\"vertical_align\":\"middle\",\"width_medium\":\"1-3\"},\"children\":[{\"type\":\"button\",\"props\":{\"grid_column_gap\":\"small\",\"grid_row_gap\":\"small\",\"margin\":\"default\"},\"children\":[{\"type\":\"button_item\",\"props\":{\"button_style\":\"primary\",\"content\":\"Kontakt aufnehmen\",\"icon_align\":\"left\",\"link\":\"index.php?page_id=1234\"}}]}]}]}]}],\"version\":\"4.3.8\"} --><\/p>\n","protected":false},"excerpt":{"rendered":"<p>Professionelle Tatortreinigung \u2013 Diskret und Gr\u00fcndlich Tatortreinigung Wir bieten diskret spezialisierte Reinigungs- und Desinfektionsdienste f\u00fcr Tatorte, Unfallstellen und F\u00e4lle von nat\u00fcrlichem Tod an. Unsere Expertise umfasst die sorgf\u00e4ltige Beseitigung von Blutspuren, Geweberesten, K\u00f6rperfl\u00fcssigkeiten und anderen biologischen Gefahrstoffen, besonders wenn au\u00dfergew\u00f6hnliche Umst\u00e4nde wie l\u00e4ngere Liegezeiten der Verstorbenen spezielle Ma\u00dfnahmen erfordern. Zuverl\u00e4ssige Reinigung, respektvolle Beratung Experten f\u00fcr [&hellip;]<\/p>\n","protected":false},"author":1,"featured_media":0,"parent":0,"menu_order":0,"comment_status":"closed","ping_status":"closed","template":"","meta":{"_acf_changed":false,"footnotes":""},"class_list":["post-1271","page","type-page","status-publish","hentry"],"acf":[],"yoast_head":"<!-- This site is optimized with the Yoast SEO plugin v27.3 - https:\/\/yoast.com\/product\/yoast-seo-wordpress\/ -->\n<title>Professionelle Tatortreinigung | ADW Dienstleistungen<\/title>\n<meta name=\"description\" content=\"ADW bietet diskrete und gr\u00fcndliche Tatortreinigung. Verlassen Sie sich auf uns f\u00fcr eine schnelle, gr\u00fcndliche &amp; respektvolle Reinigung.\" \/>\n<meta name=\"robots\" content=\"index, follow, max-snippet:-1, max-image-preview:large, max-video-preview:-1\" \/>\n<link rel=\"canonical\" href=\"https:\/\/adw-schaedlingsbekaempfung.de\/?page_id=1271\" \/>\n<meta property=\"og:locale\" content=\"de_DE\" \/>\n<meta property=\"og:type\" content=\"article\" \/>\n<meta property=\"og:title\" content=\"Professionelle Tatortreinigung | ADW Dienstleistungen\" \/>\n<meta property=\"og:description\" content=\"ADW bietet diskrete und gr\u00fcndliche Tatortreinigung. Verlassen Sie sich auf uns f\u00fcr eine schnelle, gr\u00fcndliche &amp; respektvolle Reinigung.\" \/>\n<meta property=\"og:url\" content=\"https:\/\/adw-schaedlingsbekaempfung.de\/?page_id=1271\" \/>\n<meta property=\"og:site_name\" content=\"ADW - Sch\u00e4dlingsbek\u00e4mpfung\" \/>\n<meta property=\"article:publisher\" content=\"https:\/\/www.facebook.com\/profile.php?id=61560177745155\" \/>\n<meta property=\"article:modified_time\" content=\"2024-06-13T08:27:20+00:00\" \/>\n<meta name=\"twitter:card\" content=\"summary_large_image\" \/>\n<meta name=\"twitter:label1\" content=\"Gesch\u00e4tzte Lesezeit\" \/>\n\t<meta name=\"twitter:data1\" content=\"2\u00a0Minuten\" \/>\n<script type=\"application\/ld+json\" class=\"yoast-schema-graph\">{\"@context\":\"https:\\\/\\\/schema.org\",\"@graph\":[{\"@type\":\"WebPage\",\"@id\":\"https:\\\/\\\/adw-schaedlingsbekaempfung.de\\\/?page_id=1271\",\"url\":\"https:\\\/\\\/adw-schaedlingsbekaempfung.de\\\/?page_id=1271\",\"name\":\"Professionelle Tatortreinigung | ADW Dienstleistungen\",\"isPartOf\":{\"@id\":\"https:\\\/\\\/adw-schaedlingsbekaempfung.de\\\/#website\"},\"datePublished\":\"2024-05-08T12:30:37+00:00\",\"dateModified\":\"2024-06-13T08:27:20+00:00\",\"description\":\"ADW bietet diskrete und gr\u00fcndliche Tatortreinigung. Verlassen Sie sich auf uns f\u00fcr eine schnelle, gr\u00fcndliche & respektvolle Reinigung.\",\"breadcrumb\":{\"@id\":\"https:\\\/\\\/adw-schaedlingsbekaempfung.de\\\/?page_id=1271#breadcrumb\"},\"inLanguage\":\"de\",\"potentialAction\":[{\"@type\":\"ReadAction\",\"target\":[\"https:\\\/\\\/adw-schaedlingsbekaempfung.de\\\/?page_id=1271\"]}]},{\"@type\":\"BreadcrumbList\",\"@id\":\"https:\\\/\\\/adw-schaedlingsbekaempfung.de\\\/?page_id=1271#breadcrumb\",\"itemListElement\":[{\"@type\":\"ListItem\",\"position\":1,\"name\":\"Startseite\",\"item\":\"https:\\\/\\\/adw-schaedlingsbekaempfung.de\\\/\"},{\"@type\":\"ListItem\",\"position\":2,\"name\":\"Tatortreinigung\"}]},{\"@type\":\"WebSite\",\"@id\":\"https:\\\/\\\/adw-schaedlingsbekaempfung.de\\\/#website\",\"url\":\"https:\\\/\\\/adw-schaedlingsbekaempfung.de\\\/\",\"name\":\"ADW - Sch\u00e4dlingsbek\u00e4mpfung\",\"description\":\"Wir hinterlassen keine Spuren\",\"publisher\":{\"@id\":\"https:\\\/\\\/adw-schaedlingsbekaempfung.de\\\/#organization\"},\"potentialAction\":[{\"@type\":\"SearchAction\",\"target\":{\"@type\":\"EntryPoint\",\"urlTemplate\":\"https:\\\/\\\/adw-schaedlingsbekaempfung.de\\\/?s={search_term_string}\"},\"query-input\":{\"@type\":\"PropertyValueSpecification\",\"valueRequired\":true,\"valueName\":\"search_term_string\"}}],\"inLanguage\":\"de\"},{\"@type\":\"Organization\",\"@id\":\"https:\\\/\\\/adw-schaedlingsbekaempfung.de\\\/#organization\",\"name\":\"ADW - Sch\u00e4dlingsbek\u00e4mpfung\",\"url\":\"https:\\\/\\\/adw-schaedlingsbekaempfung.de\\\/\",\"logo\":{\"@type\":\"ImageObject\",\"inLanguage\":\"de\",\"@id\":\"https:\\\/\\\/adw-schaedlingsbekaempfung.de\\\/#\\\/schema\\\/logo\\\/image\\\/\",\"url\":\"https:\\\/\\\/adw-schaedlingsbekaempfung.de\\\/wp-content\\\/uploads\\\/2024\\\/05\\\/Final-No-2.png\",\"contentUrl\":\"https:\\\/\\\/adw-schaedlingsbekaempfung.de\\\/wp-content\\\/uploads\\\/2024\\\/05\\\/Final-No-2.png\",\"width\":1479,\"height\":463,\"caption\":\"ADW - Sch\u00e4dlingsbek\u00e4mpfung\"},\"image\":{\"@id\":\"https:\\\/\\\/adw-schaedlingsbekaempfung.de\\\/#\\\/schema\\\/logo\\\/image\\\/\"},\"sameAs\":[\"https:\\\/\\\/www.facebook.com\\\/profile.php?id=61560177745155\"]}]}<\/script>\n<!-- \/ Yoast SEO plugin. -->","yoast_head_json":{"title":"Professionelle Tatortreinigung | ADW Dienstleistungen","description":"ADW bietet diskrete und gr\u00fcndliche Tatortreinigung. Verlassen Sie sich auf uns f\u00fcr eine schnelle, gr\u00fcndliche & respektvolle Reinigung.","robots":{"index":"index","follow":"follow","max-snippet":"max-snippet:-1","max-image-preview":"max-image-preview:large","max-video-preview":"max-video-preview:-1"},"canonical":"https:\/\/adw-schaedlingsbekaempfung.de\/?page_id=1271","og_locale":"de_DE","og_type":"article","og_title":"Professionelle Tatortreinigung | ADW Dienstleistungen","og_description":"ADW bietet diskrete und gr\u00fcndliche Tatortreinigung. Verlassen Sie sich auf uns f\u00fcr eine schnelle, gr\u00fcndliche & respektvolle Reinigung.","og_url":"https:\/\/adw-schaedlingsbekaempfung.de\/?page_id=1271","og_site_name":"ADW - Sch\u00e4dlingsbek\u00e4mpfung","article_publisher":"https:\/\/www.facebook.com\/profile.php?id=61560177745155","article_modified_time":"2024-06-13T08:27:20+00:00","twitter_card":"summary_large_image","twitter_misc":{"Gesch\u00e4tzte Lesezeit":"2\u00a0Minuten"},"schema":{"@context":"https:\/\/schema.org","@graph":[{"@type":"WebPage","@id":"https:\/\/adw-schaedlingsbekaempfung.de\/?page_id=1271","url":"https:\/\/adw-schaedlingsbekaempfung.de\/?page_id=1271","name":"Professionelle Tatortreinigung | ADW Dienstleistungen","isPartOf":{"@id":"https:\/\/adw-schaedlingsbekaempfung.de\/#website"},"datePublished":"2024-05-08T12:30:37+00:00","dateModified":"2024-06-13T08:27:20+00:00","description":"ADW bietet diskrete und gr\u00fcndliche Tatortreinigung. Verlassen Sie sich auf uns f\u00fcr eine schnelle, gr\u00fcndliche & respektvolle Reinigung.","breadcrumb":{"@id":"https:\/\/adw-schaedlingsbekaempfung.de\/?page_id=1271#breadcrumb"},"inLanguage":"de","potentialAction":[{"@type":"ReadAction","target":["https:\/\/adw-schaedlingsbekaempfung.de\/?page_id=1271"]}]},{"@type":"BreadcrumbList","@id":"https:\/\/adw-schaedlingsbekaempfung.de\/?page_id=1271#breadcrumb","itemListElement":[{"@type":"ListItem","position":1,"name":"Startseite","item":"https:\/\/adw-schaedlingsbekaempfung.de\/"},{"@type":"ListItem","position":2,"name":"Tatortreinigung"}]},{"@type":"WebSite","@id":"https:\/\/adw-schaedlingsbekaempfung.de\/#website","url":"https:\/\/adw-schaedlingsbekaempfung.de\/","name":"ADW - Sch\u00e4dlingsbek\u00e4mpfung","description":"Wir hinterlassen keine Spuren","publisher":{"@id":"https:\/\/adw-schaedlingsbekaempfung.de\/#organization"},"potentialAction":[{"@type":"SearchAction","target":{"@type":"EntryPoint","urlTemplate":"https:\/\/adw-schaedlingsbekaempfung.de\/?s={search_term_string}"},"query-input":{"@type":"PropertyValueSpecification","valueRequired":true,"valueName":"search_term_string"}}],"inLanguage":"de"},{"@type":"Organization","@id":"https:\/\/adw-schaedlingsbekaempfung.de\/#organization","name":"ADW - Sch\u00e4dlingsbek\u00e4mpfung","url":"https:\/\/adw-schaedlingsbekaempfung.de\/","logo":{"@type":"ImageObject","inLanguage":"de","@id":"https:\/\/adw-schaedlingsbekaempfung.de\/#\/schema\/logo\/image\/","url":"https:\/\/adw-schaedlingsbekaempfung.de\/wp-content\/uploads\/2024\/05\/Final-No-2.png","contentUrl":"https:\/\/adw-schaedlingsbekaempfung.de\/wp-content\/uploads\/2024\/05\/Final-No-2.png","width":1479,"height":463,"caption":"ADW - Sch\u00e4dlingsbek\u00e4mpfung"},"image":{"@id":"https:\/\/adw-schaedlingsbekaempfung.de\/#\/schema\/logo\/image\/"},"sameAs":["https:\/\/www.facebook.com\/profile.php?id=61560177745155"]}]}},"_links":{"self":[{"href":"https:\/\/adw-schaedlingsbekaempfung.de\/index.php?rest_route=\/wp\/v2\/pages\/1271","targetHints":{"allow":["GET"]}}],"collection":[{"href":"https:\/\/adw-schaedlingsbekaempfung.de\/index.php?rest_route=\/wp\/v2\/pages"}],"about":[{"href":"https:\/\/adw-schaedlingsbekaempfung.de\/index.php?rest_route=\/wp\/v2\/types\/page"}],"author":[{"embeddable":true,"href":"https:\/\/adw-schaedlingsbekaempfung.de\/index.php?rest_route=\/wp\/v2\/users\/1"}],"replies":[{"embeddable":true,"href":"https:\/\/adw-schaedlingsbekaempfung.de\/index.php?rest_route=%2Fwp%2Fv2%2Fcomments&post=1271"}],"version-history":[{"count":0,"href":"https:\/\/adw-schaedlingsbekaempfung.de\/index.php?rest_route=\/wp\/v2\/pages\/1271\/revisions"}],"wp:attachment":[{"href":"https:\/\/adw-schaedlingsbekaempfung.de\/index.php?rest_route=%2Fwp%2Fv2%2Fmedia&parent=1271"}],"curies":[{"name":"wp","href":"https:\/\/api.w.org\/{rel}","templated":true}]}}