{"id":1218,"date":"2024-05-07T11:37:13","date_gmt":"2024-05-07T11:37:13","guid":{"rendered":"http:\/\/adw-schaedlingsbekaempfung.de\/?page_id=1218"},"modified":"2024-06-27T10:52:31","modified_gmt":"2024-06-27T10:52:31","slug":"lexikon","status":"publish","type":"page","link":"https:\/\/adw-schaedlingsbekaempfung.de\/?page_id=1218","title":{"rendered":"Lexikon"},"content":{"rendered":"<h1>Umfassende Informationen zur Sch\u00e4dlingsidentifikation und -bek\u00e4mpfung<\/h1>\n<h2>Sch\u00e4dlingslexikon<\/h2>\n<div>In unserem Sch\u00e4dlingslexikon bieten wir Ihnen umfassende Informationen \u00fcber die h\u00e4ufigsten Sch\u00e4dlinge. Nutzen Sie diese Ressource, um mehr \u00fcber Identifizierung und Bek\u00e4mpfung dieser unerw\u00fcnschten G\u00e4ste zu erfahren.<\/div>\n<div>\n<\/div>\n<p><!--more--><br \/>\n<!-- {\"type\":\"layout\",\"children\":[{\"type\":\"section\",\"props\":{\"image\":\"wp-content\\\/uploads\\\/2024\\\/05\\\/shutterstock_2218540305.jpg\",\"image_position\":\"center-center\",\"media_overlay\":\"rgba(0, 0, 0, 0.51)\",\"preserve_color\":false,\"style\":\"secondary\",\"title_breakpoint\":\"xl\",\"title_position\":\"top-left\",\"title_rotation\":\"left\",\"vertical_align\":\"middle\",\"width\":\"default\"},\"children\":[{\"type\":\"row\",\"props\":{\"layout\":\"2-3,1-3\"},\"children\":[{\"type\":\"column\",\"props\":{\"image_position\":\"center-center\",\"position_sticky_breakpoint\":\"m\",\"width_medium\":\"2-3\"},\"children\":[{\"type\":\"headline\",\"props\":{\"content\":\"Umfassende Informationen zur Sch\\u00e4dlingsidentifikation und -bek\\u00e4mpfung\",\"margin_remove_bottom\":true,\"title_element\":\"h1\",\"title_style\":\"text-meta\"}},{\"type\":\"headline\",\"props\":{\"content\":\"Sch\\u00e4dlingslexikon\",\"margin_remove_top\":true,\"title_element\":\"h2\"}},{\"type\":\"text\",\"props\":{\"column_breakpoint\":\"m\",\"content\":\"In unserem Sch\\u00e4dlingslexikon bieten wir Ihnen umfassende Informationen \\u00fcber die h\\u00e4ufigsten Sch\\u00e4dlinge. Nutzen Sie diese Ressource, um mehr \\u00fcber Identifizierung und Bek\\u00e4mpfung dieser unerw\\u00fcnschten G\\u00e4ste zu erfahren.\",\"margin\":\"default\"}}]},{\"type\":\"column\",\"props\":{\"image_position\":\"center-center\",\"position_sticky_breakpoint\":\"m\",\"width_medium\":\"1-3\"}}]}]},{\"type\":\"section\",\"props\":{\"image_position\":\"center-center\",\"style\":\"default\",\"title_breakpoint\":\"xl\",\"title_position\":\"top-left\",\"title_rotation\":\"left\",\"vertical_align\":\"middle\",\"width\":\"default\"},\"children\":[{\"type\":\"row\",\"children\":[{\"type\":\"column\",\"props\":{\"image_position\":\"center-center\",\"position_sticky_breakpoint\":\"m\"},\"children\":[{\"type\":\"grid\",\"props\":{\"content_column_breakpoint\":\"m\",\"css\":\".el-item{\\n    \\n    \\n  box-shadow: 0 3px 6px rgba(0,0,0,0.16), 0 3px 6px rgba(0,0,0,0.23);   \\n    \\n}\\n\\n.el-title{\\n \\n    font-size: 22px;\\n    \\n    \\n}\",\"filter\":true,\"filter_align\":\"left\",\"filter_all\":true,\"filter_all_label\":\"Alle Sch\\u00e4dlinge\",\"filter_grid_breakpoint\":\"m\",\"filter_grid_width\":\"auto\",\"filter_position\":\"top\",\"filter_style\":\"tab\",\"grid_column_gap\":\"small\",\"grid_default\":\"1\",\"grid_medium\":\"4\",\"grid_row_gap\":\"small\",\"grid_small\":\"3\",\"icon_width\":80,\"image_align\":\"top\",\"image_grid_breakpoint\":\"m\",\"image_grid_width\":\"1-2\",\"image_height\":\"150\",\"image_svg_color\":\"emphasis\",\"image_width\":\"300\",\"item_animation\":true,\"link_size\":\"small\",\"link_style\":\"primary\",\"link_text\":\"Read more\",\"margin\":\"default\",\"meta_align\":\"below-title\",\"meta_element\":\"div\",\"meta_style\":\"text-meta\",\"panel_image_no_padding\":true,\"panel_link\":true,\"panel_padding\":\"small\",\"panel_style\":\"card-default\",\"show_content\":true,\"show_image\":true,\"show_link\":true,\"show_meta\":true,\"show_title\":true,\"title_align\":\"top\",\"title_element\":\"h3\",\"title_grid_breakpoint\":\"m\",\"title_grid_width\":\"1-2\",\"title_hover_style\":\"reset\",\"title_margin\":\"small\",\"title_style\":\"h3\"},\"children\":[{\"type\":\"grid_item\",\"props\":{\"image_alt\":\"Sch\\u00e4dlingsbek\\u00e4mpfung - Sch\\u00e4dlingslexikon Sch\\u00e4dlinge \",\"link_text\":\"Zum Eintrag\"},\"source\":{\"query\":{\"name\":\"schadlinges.customSchadlinges\",\"arguments\":{\"terms\":[],\"category_operator\":\"IN\",\"post_tag_operator\":\"IN\",\"users\":[],\"users_operator\":\"IN\",\"offset\":0,\"limit\":30,\"order\":\"date\",\"order_direction\":\"DESC\"}},\"props\":{\"title\":{\"filters\":{\"search\":\"\"},\"name\":\"title\"},\"image\":{\"filters\":{\"search\":\"\"},\"name\":\"field.bild.url\"},\"tags\":{\"filters\":{\"search\":\"\"},\"arguments\":{\"separator\":\", \",\"show_link\":true,\"link_style\":\"\"},\"name\":\"categoryString\"},\"link\":{\"filters\":{\"search\":\"\"},\"name\":\"link\"}}}}]}]}]}]}],\"version\":\"4.3.8\"} --><\/p>\n","protected":false},"excerpt":{"rendered":"<p>Umfassende Informationen zur Sch\u00e4dlingsidentifikation und -bek\u00e4mpfung Sch\u00e4dlingslexikon In unserem Sch\u00e4dlingslexikon bieten wir Ihnen umfassende Informationen \u00fcber die h\u00e4ufigsten Sch\u00e4dlinge. Nutzen Sie diese Ressource, um mehr \u00fcber Identifizierung und Bek\u00e4mpfung dieser unerw\u00fcnschten G\u00e4ste zu erfahren.<\/p>\n","protected":false},"author":1,"featured_media":0,"parent":0,"menu_order":0,"comment_status":"closed","ping_status":"closed","template":"","meta":{"_acf_changed":false,"footnotes":""},"class_list":["post-1218","page","type-page","status-publish","hentry"],"acf":[],"yoast_head":"<!-- This site is optimized with the Yoast SEO plugin v27.3 - https:\/\/yoast.com\/product\/yoast-seo-wordpress\/ -->\n<title>Sch\u00e4dlingslexikon \u2013 Sch\u00e4dlinge erkennen und verstehen<\/title>\n<meta name=\"description\" content=\"ADW Sch\u00e4dlingslexikon f\u00fcr Informationen \u00fcber Sch\u00e4dlinge und effektive Pr\u00e4vention und Bek\u00e4mpfungsmethoden. Bleiben Sie informiert.\" \/>\n<meta name=\"robots\" content=\"index, follow, max-snippet:-1, max-image-preview:large, max-video-preview:-1\" \/>\n<link rel=\"canonical\" href=\"https:\/\/adw-schaedlingsbekaempfung.de\/?page_id=1218\" \/>\n<meta property=\"og:locale\" content=\"de_DE\" \/>\n<meta property=\"og:type\" content=\"article\" \/>\n<meta property=\"og:title\" content=\"Sch\u00e4dlingslexikon \u2013 Sch\u00e4dlinge erkennen und verstehen\" \/>\n<meta property=\"og:description\" content=\"ADW Sch\u00e4dlingslexikon f\u00fcr Informationen \u00fcber Sch\u00e4dlinge und effektive Pr\u00e4vention und Bek\u00e4mpfungsmethoden. Bleiben Sie informiert.\" \/>\n<meta property=\"og:url\" content=\"https:\/\/adw-schaedlingsbekaempfung.de\/?page_id=1218\" \/>\n<meta property=\"og:site_name\" content=\"ADW - Sch\u00e4dlingsbek\u00e4mpfung\" \/>\n<meta property=\"article:publisher\" content=\"https:\/\/www.facebook.com\/profile.php?id=61560177745155\" \/>\n<meta property=\"article:modified_time\" content=\"2024-06-27T10:52:31+00:00\" \/>\n<meta name=\"twitter:card\" content=\"summary_large_image\" \/>\n<meta name=\"twitter:label1\" content=\"Gesch\u00e4tzte Lesezeit\" \/>\n\t<meta name=\"twitter:data1\" content=\"1\u00a0Minute\" \/>\n<script type=\"application\/ld+json\" class=\"yoast-schema-graph\">{\"@context\":\"https:\\\/\\\/schema.org\",\"@graph\":[{\"@type\":\"WebPage\",\"@id\":\"https:\\\/\\\/adw-schaedlingsbekaempfung.de\\\/?page_id=1218\",\"url\":\"https:\\\/\\\/adw-schaedlingsbekaempfung.de\\\/?page_id=1218\",\"name\":\"Sch\u00e4dlingslexikon \u2013 Sch\u00e4dlinge erkennen und verstehen\",\"isPartOf\":{\"@id\":\"https:\\\/\\\/adw-schaedlingsbekaempfung.de\\\/#website\"},\"datePublished\":\"2024-05-07T11:37:13+00:00\",\"dateModified\":\"2024-06-27T10:52:31+00:00\",\"description\":\"ADW Sch\u00e4dlingslexikon f\u00fcr Informationen \u00fcber Sch\u00e4dlinge und effektive Pr\u00e4vention und Bek\u00e4mpfungsmethoden. Bleiben Sie informiert.\",\"breadcrumb\":{\"@id\":\"https:\\\/\\\/adw-schaedlingsbekaempfung.de\\\/?page_id=1218#breadcrumb\"},\"inLanguage\":\"de\",\"potentialAction\":[{\"@type\":\"ReadAction\",\"target\":[\"https:\\\/\\\/adw-schaedlingsbekaempfung.de\\\/?page_id=1218\"]}]},{\"@type\":\"BreadcrumbList\",\"@id\":\"https:\\\/\\\/adw-schaedlingsbekaempfung.de\\\/?page_id=1218#breadcrumb\",\"itemListElement\":[{\"@type\":\"ListItem\",\"position\":1,\"name\":\"Startseite\",\"item\":\"https:\\\/\\\/adw-schaedlingsbekaempfung.de\\\/\"},{\"@type\":\"ListItem\",\"position\":2,\"name\":\"Lexikon\"}]},{\"@type\":\"WebSite\",\"@id\":\"https:\\\/\\\/adw-schaedlingsbekaempfung.de\\\/#website\",\"url\":\"https:\\\/\\\/adw-schaedlingsbekaempfung.de\\\/\",\"name\":\"ADW - Sch\u00e4dlingsbek\u00e4mpfung\",\"description\":\"Wir hinterlassen keine Spuren\",\"publisher\":{\"@id\":\"https:\\\/\\\/adw-schaedlingsbekaempfung.de\\\/#organization\"},\"potentialAction\":[{\"@type\":\"SearchAction\",\"target\":{\"@type\":\"EntryPoint\",\"urlTemplate\":\"https:\\\/\\\/adw-schaedlingsbekaempfung.de\\\/?s={search_term_string}\"},\"query-input\":{\"@type\":\"PropertyValueSpecification\",\"valueRequired\":true,\"valueName\":\"search_term_string\"}}],\"inLanguage\":\"de\"},{\"@type\":\"Organization\",\"@id\":\"https:\\\/\\\/adw-schaedlingsbekaempfung.de\\\/#organization\",\"name\":\"ADW - Sch\u00e4dlingsbek\u00e4mpfung\",\"url\":\"https:\\\/\\\/adw-schaedlingsbekaempfung.de\\\/\",\"logo\":{\"@type\":\"ImageObject\",\"inLanguage\":\"de\",\"@id\":\"https:\\\/\\\/adw-schaedlingsbekaempfung.de\\\/#\\\/schema\\\/logo\\\/image\\\/\",\"url\":\"https:\\\/\\\/adw-schaedlingsbekaempfung.de\\\/wp-content\\\/uploads\\\/2024\\\/05\\\/Final-No-2.png\",\"contentUrl\":\"https:\\\/\\\/adw-schaedlingsbekaempfung.de\\\/wp-content\\\/uploads\\\/2024\\\/05\\\/Final-No-2.png\",\"width\":1479,\"height\":463,\"caption\":\"ADW - Sch\u00e4dlingsbek\u00e4mpfung\"},\"image\":{\"@id\":\"https:\\\/\\\/adw-schaedlingsbekaempfung.de\\\/#\\\/schema\\\/logo\\\/image\\\/\"},\"sameAs\":[\"https:\\\/\\\/www.facebook.com\\\/profile.php?id=61560177745155\"]}]}<\/script>\n<!-- \/ Yoast SEO plugin. -->","yoast_head_json":{"title":"Sch\u00e4dlingslexikon \u2013 Sch\u00e4dlinge erkennen und verstehen","description":"ADW Sch\u00e4dlingslexikon f\u00fcr Informationen \u00fcber Sch\u00e4dlinge und effektive Pr\u00e4vention und Bek\u00e4mpfungsmethoden. Bleiben Sie informiert.","robots":{"index":"index","follow":"follow","max-snippet":"max-snippet:-1","max-image-preview":"max-image-preview:large","max-video-preview":"max-video-preview:-1"},"canonical":"https:\/\/adw-schaedlingsbekaempfung.de\/?page_id=1218","og_locale":"de_DE","og_type":"article","og_title":"Sch\u00e4dlingslexikon \u2013 Sch\u00e4dlinge erkennen und verstehen","og_description":"ADW Sch\u00e4dlingslexikon f\u00fcr Informationen \u00fcber Sch\u00e4dlinge und effektive Pr\u00e4vention und Bek\u00e4mpfungsmethoden. Bleiben Sie informiert.","og_url":"https:\/\/adw-schaedlingsbekaempfung.de\/?page_id=1218","og_site_name":"ADW - Sch\u00e4dlingsbek\u00e4mpfung","article_publisher":"https:\/\/www.facebook.com\/profile.php?id=61560177745155","article_modified_time":"2024-06-27T10:52:31+00:00","twitter_card":"summary_large_image","twitter_misc":{"Gesch\u00e4tzte Lesezeit":"1\u00a0Minute"},"schema":{"@context":"https:\/\/schema.org","@graph":[{"@type":"WebPage","@id":"https:\/\/adw-schaedlingsbekaempfung.de\/?page_id=1218","url":"https:\/\/adw-schaedlingsbekaempfung.de\/?page_id=1218","name":"Sch\u00e4dlingslexikon \u2013 Sch\u00e4dlinge erkennen und verstehen","isPartOf":{"@id":"https:\/\/adw-schaedlingsbekaempfung.de\/#website"},"datePublished":"2024-05-07T11:37:13+00:00","dateModified":"2024-06-27T10:52:31+00:00","description":"ADW Sch\u00e4dlingslexikon f\u00fcr Informationen \u00fcber Sch\u00e4dlinge und effektive Pr\u00e4vention und Bek\u00e4mpfungsmethoden. Bleiben Sie informiert.","breadcrumb":{"@id":"https:\/\/adw-schaedlingsbekaempfung.de\/?page_id=1218#breadcrumb"},"inLanguage":"de","potentialAction":[{"@type":"ReadAction","target":["https:\/\/adw-schaedlingsbekaempfung.de\/?page_id=1218"]}]},{"@type":"BreadcrumbList","@id":"https:\/\/adw-schaedlingsbekaempfung.de\/?page_id=1218#breadcrumb","itemListElement":[{"@type":"ListItem","position":1,"name":"Startseite","item":"https:\/\/adw-schaedlingsbekaempfung.de\/"},{"@type":"ListItem","position":2,"name":"Lexikon"}]},{"@type":"WebSite","@id":"https:\/\/adw-schaedlingsbekaempfung.de\/#website","url":"https:\/\/adw-schaedlingsbekaempfung.de\/","name":"ADW - Sch\u00e4dlingsbek\u00e4mpfung","description":"Wir hinterlassen keine Spuren","publisher":{"@id":"https:\/\/adw-schaedlingsbekaempfung.de\/#organization"},"potentialAction":[{"@type":"SearchAction","target":{"@type":"EntryPoint","urlTemplate":"https:\/\/adw-schaedlingsbekaempfung.de\/?s={search_term_string}"},"query-input":{"@type":"PropertyValueSpecification","valueRequired":true,"valueName":"search_term_string"}}],"inLanguage":"de"},{"@type":"Organization","@id":"https:\/\/adw-schaedlingsbekaempfung.de\/#organization","name":"ADW - Sch\u00e4dlingsbek\u00e4mpfung","url":"https:\/\/adw-schaedlingsbekaempfung.de\/","logo":{"@type":"ImageObject","inLanguage":"de","@id":"https:\/\/adw-schaedlingsbekaempfung.de\/#\/schema\/logo\/image\/","url":"https:\/\/adw-schaedlingsbekaempfung.de\/wp-content\/uploads\/2024\/05\/Final-No-2.png","contentUrl":"https:\/\/adw-schaedlingsbekaempfung.de\/wp-content\/uploads\/2024\/05\/Final-No-2.png","width":1479,"height":463,"caption":"ADW - Sch\u00e4dlingsbek\u00e4mpfung"},"image":{"@id":"https:\/\/adw-schaedlingsbekaempfung.de\/#\/schema\/logo\/image\/"},"sameAs":["https:\/\/www.facebook.com\/profile.php?id=61560177745155"]}]}},"_links":{"self":[{"href":"https:\/\/adw-schaedlingsbekaempfung.de\/index.php?rest_route=\/wp\/v2\/pages\/1218","targetHints":{"allow":["GET"]}}],"collection":[{"href":"https:\/\/adw-schaedlingsbekaempfung.de\/index.php?rest_route=\/wp\/v2\/pages"}],"about":[{"href":"https:\/\/adw-schaedlingsbekaempfung.de\/index.php?rest_route=\/wp\/v2\/types\/page"}],"author":[{"embeddable":true,"href":"https:\/\/adw-schaedlingsbekaempfung.de\/index.php?rest_route=\/wp\/v2\/users\/1"}],"replies":[{"embeddable":true,"href":"https:\/\/adw-schaedlingsbekaempfung.de\/index.php?rest_route=%2Fwp%2Fv2%2Fcomments&post=1218"}],"version-history":[{"count":0,"href":"https:\/\/adw-schaedlingsbekaempfung.de\/index.php?rest_route=\/wp\/v2\/pages\/1218\/revisions"}],"wp:attachment":[{"href":"https:\/\/adw-schaedlingsbekaempfung.de\/index.php?rest_route=%2Fwp%2Fv2%2Fmedia&parent=1218"}],"curies":[{"name":"wp","href":"https:\/\/api.w.org\/{rel}","templated":true}]}}